{"id":3521,"date":"2025-04-14T10:31:38","date_gmt":"2025-04-14T08:31:38","guid":{"rendered":"https:\/\/foodpark.studiograbo.pl\/?page_id=3521"},"modified":"2025-07-29T23:41:36","modified_gmt":"2025-07-29T21:41:36","slug":"farm","status":"publish","type":"page","link":"https:\/\/www.foodpark.com.pl\/en\/farm\/","title":{"rendered":"Farm"},"content":{"rendered":"\t\t<div data-elementor-type=\"wp-page\" data-elementor-id=\"3521\" class=\"elementor elementor-3521\">\n\t\t\t\t\t\t\t<div class=\" elementor-element elementor-element-aa1dd0a e-flex e-con-boxed e-con e-parent\" data-id=\"aa1dd0a\" data-element_type=\"container\">\r\n\t\t\t\t\t\t\t<div class=\"e-con-inner\">\r\n\t\t\t\t\t\t<div class=\"elementor-element elementor-element-7c8578d elementor-widget__width-inherit elementor-widget elementor-widget-heading\" data-id=\"7c8578d\" data-element_type=\"widget\" data-widget_type=\"heading.default\">\n\t\t\t\t<div class=\"elementor-widget-container\">\n\t\t\t\t\t<h2 class=\"elementor-heading-title elementor-size-default\">Certified Organic Production<\/h2>\t\t\t\t<\/div>\n\t\t\t\t<\/div>\n\t\t\t\t<div class=\"elementor-element elementor-element-5261a30 elementor-widget__width-inherit elementor-widget elementor-widget-text-editor\" data-id=\"5261a30\" data-element_type=\"widget\" data-widget_type=\"text-editor.default\">\n\t\t\t\t<div class=\"elementor-widget-container\">\n\t\t\t\t\t\t\t\t\t<p>The farm is located in Charbice G\u00f3rne, in the Lutomiersk commune, in the \u0141\u00f3d\u017a Voivodeship. The company\u2019s history dates back to 1995. Agricultural production takes place on a total area of 250 hectares, of which about 100 hectares are dedicated to certified organic production. The farm specializes in the cultivation of cereals, vegetables, herbs, and honey plants.<\/p>\t\t\t\t\t\t\t\t<\/div>\n\t\t\t\t<\/div>\n\t\t\t\t\t\t<\/div>\r\n\t\t\t\t\r\n\t\t\t<\/div>\r\n\t\t\t\t\t\t<div class=\" elementor-element elementor-element-9def0f2 e-flex e-con-boxed e-con e-parent\" data-id=\"9def0f2\" data-element_type=\"container\">\r\n\t\t\t\t\t\t\t<div class=\"e-con-inner\">\r\n\t\t\t\t\t\t\t<div class=\" elementor-element elementor-element-7afd859 e-con-full e-flex e-con e-child\" data-id=\"7afd859\" data-element_type=\"container\">\r\n\t\t\t\t\t<div class=\"elementor-element elementor-element-9d1a0ad elementor-widget__width-inherit elementor-widget elementor-widget-text-editor\" data-id=\"9d1a0ad\" data-element_type=\"widget\" data-widget_type=\"text-editor.default\">\n\t\t\t\t<div class=\"elementor-widget-container\">\n\t\t\t\t\t\t\t\t\t<p>Only the farm&#8217;s own machinery fleet is used for production, ensuring its full support. Thanks to the agricultural infrastructure, which includes, among others, storage buildings with a total area of 7,000 m\u00b2, the farm can provide proper storage conditions for agricultural produce.<\/p>\t\t\t\t\t\t\t\t<\/div>\n\t\t\t\t<\/div>\n\t\t\r\n\t\t\t<\/div>\r\n\t\t\t\t\t<div class=\"elementor-element elementor-element-adf7bfe elementor-widget elementor-widget-image\" data-id=\"adf7bfe\" data-element_type=\"widget\" data-widget_type=\"image.default\">\n\t\t\t\t<div class=\"elementor-widget-container\">\n\t\t\t\t\t\t\t\t\t\t\t\t\t\t\t<img fetchpriority=\"high\" decoding=\"async\" width=\"1024\" height=\"1024\" src=\"https:\/\/www.foodpark.com.pl\/en\/wp-content\/uploads\/2025\/04\/traktor-1024x1024.jpg\" class=\"attachment-large size-large wp-image-3528\" alt=\"\" srcset=\"https:\/\/www.foodpark.com.pl\/en\/wp-content\/uploads\/2025\/04\/traktor-1024x1024.jpg 1024w, https:\/\/www.foodpark.com.pl\/en\/wp-content\/uploads\/2025\/04\/traktor-768x768.jpg 768w\" sizes=\"(max-width: 1024px) 100vw, 1024px\" \/>\t\t\t\t\t\t\t\t\t\t\t\t\t\t\t<\/div>\n\t\t\t\t<\/div>\n\t\t\t\t\t\t<\/div>\r\n\t\t\t\t\r\n\t\t\t<\/div>\r\n\t\t\t\t\t\t<div class=\" elementor-element elementor-element-5a59669 e-flex e-con-boxed e-con e-parent\" data-id=\"5a59669\" data-element_type=\"container\">\r\n\t\t\t\t\t\t\t<div class=\"e-con-inner\">\r\n\t\t\t\t\t\t\t<div class=\" elementor-element elementor-element-ed0e959 e-con-full e-flex e-con e-child\" data-id=\"ed0e959\" data-element_type=\"container\" data-settings=\"{&quot;background_background&quot;:&quot;classic&quot;}\">\r\n\t\t\t\t\t<div class=\"elementor-element elementor-element-6c5ffa9 elementor-widget elementor-widget-image\" data-id=\"6c5ffa9\" data-element_type=\"widget\" data-widget_type=\"image.default\">\n\t\t\t\t<div class=\"elementor-widget-container\">\n\t\t\t\t\t\t\t\t\t\t\t\t\t\t\t<img decoding=\"async\" width=\"1024\" height=\"682\" src=\"https:\/\/www.foodpark.com.pl\/en\/wp-content\/uploads\/2025\/04\/drying-1024x682.jpg\" class=\"attachment-large size-large wp-image-3535\" alt=\"\" srcset=\"https:\/\/www.foodpark.com.pl\/en\/wp-content\/uploads\/2025\/04\/drying-1024x682.jpg 1024w, https:\/\/www.foodpark.com.pl\/en\/wp-content\/uploads\/2025\/04\/drying-768x512.jpg 768w\" sizes=\"(max-width: 1024px) 100vw, 1024px\" \/>\t\t\t\t\t\t\t\t\t\t\t\t\t\t\t<\/div>\n\t\t\t\t<\/div>\n\t\t\r\n\t\t\t<\/div>\r\n\t\t\t\t\t<div class=\"elementor-element elementor-element-a9c1c13 elementor-widget__width-inherit elementor-widget elementor-widget-text-editor\" data-id=\"a9c1c13\" data-element_type=\"widget\" data-widget_type=\"text-editor.default\">\n\t\t\t\t<div class=\"elementor-widget-container\">\n\t\t\t\t\t\t\t\t\t<p>In addition to machines and equipment used directly in production, the farm also has a vegetable dryer with a drying capacity of up to 20 tons of input per day. The electricity demand is 80% covered by its own photovoltaic system.<\/p>\t\t\t\t\t\t\t\t<\/div>\n\t\t\t\t<\/div>\n\t\t\t\t\t\t<\/div>\r\n\t\t\t\t\r\n\t\t\t<\/div>\r\n\t\t\t\t\t\t<div class=\" elementor-element elementor-element-2a21f03 e-con-full e-flex e-con e-parent\" data-lazy=\"https:\/\/www.foodpark.com.pl\/en\/wp-content\/uploads\/2025\/04\/gospodarstwo-wide.jpg\" data-stretch=\"full\" data-stretch-width=\"0\" data-id=\"2a21f03\" data-element_type=\"container\" data-settings=\"{&quot;background_background&quot;:&quot;classic&quot;}\">\r\n\t\t\t\t\t<div class=\"elementor-element elementor-element-b04fd62 elementor-invisible elementor-widget elementor-widget-heading\" data-id=\"b04fd62\" data-element_type=\"widget\" data-settings=\"{&quot;_animation&quot;:&quot;fadeIn&quot;,&quot;_animation_delay&quot;:300}\" data-widget_type=\"heading.default\">\n\t\t\t\t<div class=\"elementor-widget-container\">\n\t\t\t\t\t<h2 class=\"elementor-heading-title elementor-size-default\">The Farm in Numbers<\/h2>\t\t\t\t<\/div>\n\t\t\t\t<\/div>\n\t\t\t\t<div class=\"elementor-element elementor-element-3706517 elementor-invisible elementor-widget elementor-widget-udesign_widget_counters\" data-id=\"3706517\" data-element_type=\"widget\" data-settings=\"{&quot;_animation&quot;:&quot;fadeIn&quot;,&quot;_animation_delay&quot;:300}\" data-widget_type=\"udesign_widget_counters.default\">\n\t\t\t\t<div class=\"elementor-widget-container\">\n\t\t\t\t\t<div class=\"counters   gutter-xs  row cols-lg-3 cols-md-2 cols-sm-2 cols-1\" ><div class=\"grid-col\"><div class=\"counter\"><div class=\"counter-number\"><i class=\"fas fa-border-style\"><\/i><span class=\"count-to\" data-speed=\"2000\" data-to=\"250\">0<\/span><span class=\"counter-number-suffix\"> ha<\/span><\/div><div class=\"counter-content\"><h3 class=\"count-title\">farm<\/h3><p class=\"count-desc\">aera<\/p><\/div><\/div><\/div><div class=\"grid-col\"><div class=\"counter\"><div class=\"counter-number\"><i class=\"fas fa-leaf\"><\/i><span class=\"count-to\" data-speed=\"2000\" data-to=\"100\">0<\/span><span class=\"counter-number-suffix\"> ha<\/span><\/div><div class=\"counter-content\"><h3 class=\"count-title\">of organic<\/h3><p class=\"count-desc\">crops<\/p><\/div><\/div><\/div><div class=\"grid-col\"><div class=\"counter\"><div class=\"counter-number\"><i class=\"fas fa-warehouse\"><\/i><span class=\"count-to\" data-speed=\"2000\" data-to=\"7000\">0<\/span><span class=\"counter-number-suffix\"> m2<\/span><\/div><div class=\"counter-content\"><h3 class=\"count-title\">buildings<\/h3><p class=\"count-desc\">and warehouses<\/p><\/div><\/div><\/div><\/div>\t\t\t\t<\/div>\n\t\t\t\t<\/div>\n\t\t\r\n\t\t\t<\/div>\r\n\t\t\t\t\t<\/div>\n\t\t","protected":false},"excerpt":{"rendered":"<p>Certified Organic Production The farm is located in Charbice G\u00f3rne, in the Lutomiersk commune, in the \u0141\u00f3d\u017a Voivodeship. The company\u2019s history dates back to 1995. Agricultural production takes place on a total area of 250 hectares, of which about 100 hectares are dedicated to certified organic production. The farm specializes in the cultivation of cereals, [&hellip;]<\/p>\n","protected":false},"author":1,"featured_media":3523,"parent":0,"menu_order":0,"comment_status":"closed","ping_status":"closed","template":"","meta":{"_acf_changed":false,"footnotes":""},"class_list":["post-3521","page","type-page","status-publish","has-post-thumbnail","hentry"],"acf":[],"_links":{"self":[{"href":"https:\/\/www.foodpark.com.pl\/en\/wp-json\/wp\/v2\/pages\/3521","targetHints":{"allow":["GET"]}}],"collection":[{"href":"https:\/\/www.foodpark.com.pl\/en\/wp-json\/wp\/v2\/pages"}],"about":[{"href":"https:\/\/www.foodpark.com.pl\/en\/wp-json\/wp\/v2\/types\/page"}],"author":[{"embeddable":true,"href":"https:\/\/www.foodpark.com.pl\/en\/wp-json\/wp\/v2\/users\/1"}],"replies":[{"embeddable":true,"href":"https:\/\/www.foodpark.com.pl\/en\/wp-json\/wp\/v2\/comments?post=3521"}],"version-history":[{"count":23,"href":"https:\/\/www.foodpark.com.pl\/en\/wp-json\/wp\/v2\/pages\/3521\/revisions"}],"predecessor-version":[{"id":3999,"href":"https:\/\/www.foodpark.com.pl\/en\/wp-json\/wp\/v2\/pages\/3521\/revisions\/3999"}],"wp:featuredmedia":[{"embeddable":true,"href":"https:\/\/www.foodpark.com.pl\/en\/wp-json\/wp\/v2\/media\/3523"}],"wp:attachment":[{"href":"https:\/\/www.foodpark.com.pl\/en\/wp-json\/wp\/v2\/media?parent=3521"}],"curies":[{"name":"wp","href":"https:\/\/api.w.org\/{rel}","templated":true}]}}